{"id":62,"date":"2021-03-09T18:00:42","date_gmt":"2021-03-09T17:00:42","guid":{"rendered":"https:\/\/delta-echafaudages.ch\/?page_id=62"},"modified":"2021-05-08T11:38:40","modified_gmt":"2021-05-08T09:38:40","slug":"nos-equipements","status":"publish","type":"page","link":"https:\/\/delta-echafaudages.ch\/index.php\/nos-equipements\/","title":{"rendered":"Nos \u00e9quipements"},"content":{"rendered":"<p>[et_pb_section fb_built=\u00a0\u00bb1&Prime; next_background_color=\u00a0\u00bb#ffffff\u00a0\u00bb admin_label=\u00a0\u00bbHero\u00a0\u00bb _builder_version=\u00a0\u00bb4.9.1&Prime; use_background_color_gradient=\u00a0\u00bbon\u00a0\u00bb background_color_gradient_start=\u00a0\u00bbrgba(40,61,75,0.75)\u00a0\u00bb background_color_gradient_end=\u00a0\u00bbrgba(128,103,79,0.5)\u00a0\u00bb background_color_gradient_direction=\u00a0\u00bb70deg\u00a0\u00bb background_color_gradient_overlays_image=\u00a0\u00bbon\u00a0\u00bb background_image=\u00a0\u00bbhttps:\/\/delta-echafaudages.ch\/wp-content\/uploads\/2021\/05\/Delta_echafaudage_5.jpg\u00a0\u00bb background_position=\u00a0\u00bbtop_center\u00a0\u00bb custom_margin=\u00a0\u00bb|||\u00a0\u00bb custom_padding=\u00a0\u00bb6vw||100px||false|false\u00a0\u00bb bottom_divider_style=\u00a0\u00bbmountains2&Prime; bottom_divider_repeat=\u00a0\u00bb0.5x\u00a0\u00bb bottom_divider_flip=\u00a0\u00bbhorizontal|vertical\u00a0\u00bb][et_pb_row _builder_version=\u00a0\u00bb3.25&Prime; custom_margin=\u00a0\u00bb|||\u00a0\u00bb custom_padding=\u00a0\u00bb27px|0px|0|0px|false|false\u00a0\u00bb][et_pb_column type=\u00a0\u00bb4_4&Prime; _builder_version=\u00a0\u00bb3.25&Prime; custom_padding=\u00a0\u00bb|||\u00a0\u00bb custom_padding__hover=\u00a0\u00bb|||\u00a0\u00bb][et_pb_text _builder_version=\u00a0\u00bb4.9.1&Prime; text_font=\u00a0\u00bb||||||||\u00a0\u00bb header_font=\u00a0\u00bbLato||||||||\u00a0\u00bb header_font_size=\u00a0\u00bb90px\u00a0\u00bb header_line_height=\u00a0\u00bb1.4em\u00a0\u00bb header_2_font=\u00a0\u00bbJosefin Sans||||||||\u00a0\u00bb header_2_text_color=\u00a0\u00bbrgba(255,255,255,0.6)\u00a0\u00bb header_2_font_size=\u00a0\u00bb32px\u00a0\u00bb header_2_line_height=\u00a0\u00bb1.4em\u00a0\u00bb background_layout=\u00a0\u00bbdark\u00a0\u00bb animation_style=\u00a0\u00bbslide\u00a0\u00bb animation_direction=\u00a0\u00bbright\u00a0\u00bb animation_intensity_slide=\u00a0\u00bb4%\u00a0\u00bb header_font_size_tablet=\u00a0\u00bb50px\u00a0\u00bb header_font_size_phone=\u00a0\u00bb32px\u00a0\u00bb header_font_size_last_edited=\u00a0\u00bbon|desktop\u00a0\u00bb header_2_font_size_tablet=\u00a0\u00bb\u00a0\u00bb header_2_font_size_phone=\u00a0\u00bb24px\u00a0\u00bb header_2_font_size_last_edited=\u00a0\u00bbon|phone\u00a0\u00bb]<\/p>\n<h1>Nos \u00e9quipements<\/h1>\n<p>[\/et_pb_text][\/et_pb_column][\/et_pb_row][\/et_pb_section][et_pb_section fb_built=\u00a0\u00bb1&Prime; custom_padding_last_edited=\u00a0\u00bboff|desktop\u00a0\u00bb admin_label=\u00a0\u00bbService\u00a0\u00bb _builder_version=\u00a0\u00bb3.22&Prime; custom_padding=\u00a0\u00bb54px|0px|54px|0px|false|false\u00a0\u00bb][et_pb_row column_structure=\u00a0\u00bb1_2,1_2&Prime; _builder_version=\u00a0\u00bb3.25&Prime; locked=\u00a0\u00bboff\u00a0\u00bb][et_pb_column type=\u00a0\u00bb1_2&Prime; _builder_version=\u00a0\u00bb3.25&Prime; custom_padding=\u00a0\u00bb|||\u00a0\u00bb custom_padding__hover=\u00a0\u00bb|||\u00a0\u00bb][et_pb_image src=\u00a0\u00bbhttps:\/\/delta-echafaudages.ch\/wp-content\/uploads\/2021\/05\/IMG-20210411-WA0005.jpg\u00a0\u00bb title_text=\u00a0\u00bbIMG-20210411-WA0005&Prime; force_fullwidth=\u00a0\u00bbon\u00a0\u00bb align_tablet=\u00a0\u00bbcenter\u00a0\u00bb align_phone=\u00a0\u00bb\u00a0\u00bb align_last_edited=\u00a0\u00bbon|desktop\u00a0\u00bb _builder_version=\u00a0\u00bb4.9.1&Prime; hover_enabled=\u00a0\u00bb0&Prime; show_in_lightbox=\u00a0\u00bbon\u00a0\u00bb sticky_enabled=\u00a0\u00bb0&Prime;][\/et_pb_image][\/et_pb_column][et_pb_column type=\u00a0\u00bb1_2&Prime; _builder_version=\u00a0\u00bb3.25&Prime; custom_padding=\u00a0\u00bb|||\u00a0\u00bb custom_padding__hover=\u00a0\u00bb|||\u00a0\u00bb][et_pb_text _builder_version=\u00a0\u00bb4.9.1&Prime; text_font=\u00a0\u00bbOpen Sans||||||||\u00a0\u00bb text_font_size=\u00a0\u00bb18px\u00a0\u00bb text_line_height=\u00a0\u00bb1.8em\u00a0\u00bb header_font=\u00a0\u00bb||||||||\u00a0\u00bb header_2_font=\u00a0\u00bbJosefin Sans|700|||||||\u00a0\u00bb header_2_font_size=\u00a0\u00bb32px\u00a0\u00bb header_2_line_height=\u00a0\u00bb1.5em\u00a0\u00bb header_3_font=\u00a0\u00bbJosefin Sans|700||on|||||\u00a0\u00bb header_3_text_color=\u00a0\u00bbrgba(43,51,68,0.2)\u00a0\u00bb max_width=\u00a0\u00bb700px\u00a0\u00bb custom_margin=\u00a0\u00bb||30px|\u00a0\u00bb custom_padding=\u00a0\u00bb|||\u00a0\u00bb locked=\u00a0\u00bboff\u00a0\u00bb]<\/p>\n<h2>Nos \u00e9chafaudages<\/h2>\n<p>Nous vous proposons des structures \u00e9ph\u00e9m\u00e8res de s\u00e9curit\u00e9 avec de nombreuses possibilit\u00e9s qui r\u00e9pondent au mieux \u00e0 vos besoins.<\/p>\n<ul>\n<li>\u00c9chafaudages l\u00e9gers 200kg\/m2<\/li>\n<li>\u00c9chafaudages lourds 400kg\/m2<\/li>\n<li>\u00c9chafaudages multidirectionnels<\/li>\n<li>Toiture provisoire<\/li>\n<li>Parapluie<\/li>\n<li>Tour d\u2019escalier<\/li>\n<li>Sapine<\/li>\n<li>Plateforme et platelage<\/li>\n<li>Pont de r\u00e9ception<\/li>\n<li>Barri\u00e8res de protection<\/li>\n<li>Pont roulant<\/li>\n<\/ul>\n<p>La mise \u00e0 disposition de nos \u00e9chafaudages est pr\u00e9c\u00e9d\u00e9e d&rsquo;une r\u00e9ception avec nos clients et les autorit\u00e9s comp\u00e9tentes qui v\u00e9rifient que l&rsquo;\u00e9chafaudage est bien conforme au cahier des charges, au plan pr\u00e9visionnel et \u00e0 la r\u00e9glementation.<\/p>\n<p>[\/et_pb_text][\/et_pb_column][\/et_pb_row][\/et_pb_section]<\/p>\n","protected":false},"excerpt":{"rendered":"<p>Nos \u00e9quipementsNos \u00e9chafaudages Nous vous proposons des structures \u00e9ph\u00e9m\u00e8res de s\u00e9curit\u00e9 avec de nombreuses possibilit\u00e9s qui r\u00e9pondent au mieux \u00e0 vos besoins. \u00c9chafaudages l\u00e9gers 200kg\/m2 \u00c9chafaudages lourds 400kg\/m2 \u00c9chafaudages multidirectionnels Toiture provisoire Parapluie Tour d\u2019escalier Sapine Plateforme et platelage Pont de r\u00e9ception Barri\u00e8res de protection Pont roulant La mise \u00e0 disposition de nos \u00e9chafaudages est [&hellip;]<\/p>\n","protected":false},"author":1,"featured_media":0,"parent":0,"menu_order":0,"comment_status":"closed","ping_status":"closed","template":"","meta":{"_et_pb_use_builder":"on","_et_pb_old_content":"","_et_gb_content_width":"","ngg_post_thumbnail":0,"footnotes":""},"class_list":["post-62","page","type-page","status-publish","hentry"],"jetpack-related-posts":[],"jetpack_sharing_enabled":true,"_links":{"self":[{"href":"https:\/\/delta-echafaudages.ch\/index.php\/wp-json\/wp\/v2\/pages\/62","targetHints":{"allow":["GET"]}}],"collection":[{"href":"https:\/\/delta-echafaudages.ch\/index.php\/wp-json\/wp\/v2\/pages"}],"about":[{"href":"https:\/\/delta-echafaudages.ch\/index.php\/wp-json\/wp\/v2\/types\/page"}],"author":[{"embeddable":true,"href":"https:\/\/delta-echafaudages.ch\/index.php\/wp-json\/wp\/v2\/users\/1"}],"replies":[{"embeddable":true,"href":"https:\/\/delta-echafaudages.ch\/index.php\/wp-json\/wp\/v2\/comments?post=62"}],"version-history":[{"count":8,"href":"https:\/\/delta-echafaudages.ch\/index.php\/wp-json\/wp\/v2\/pages\/62\/revisions"}],"predecessor-version":[{"id":107,"href":"https:\/\/delta-echafaudages.ch\/index.php\/wp-json\/wp\/v2\/pages\/62\/revisions\/107"}],"wp:attachment":[{"href":"https:\/\/delta-echafaudages.ch\/index.php\/wp-json\/wp\/v2\/media?parent=62"}],"curies":[{"name":"wp","href":"https:\/\/api.w.org\/{rel}","templated":true}]}}